{"id":7,"date":"2012-01-14T13:36:16","date_gmt":"2012-01-14T13:36:16","guid":{"rendered":"https:\/\/www.sensetreseaux.com\/?page_id=7"},"modified":"2012-10-31T14:23:31","modified_gmt":"2012-10-31T14:23:31","slug":"devenez-ambassadrice","status":"publish","type":"page","link":"https:\/\/www.sensetreseaux.com\/?page_id=7","title":{"rendered":"Devenez Ambassadrice"},"content":{"rendered":"<p style=\"text-align: center;\"><span style=\"font-size: small; font-family: verdana,geneva; color: #d10b53;\"><strong>Les points forts du poste d\u2019Ambassadrice<\/strong><\/span><\/p>\n<p style=\"text-align: center;\"><strong><span style=\"font-size: small; font-family: verdana,geneva;\">Simplicit\u00e9, \u00e9panouissement, libert\u00e9, \u00e9volution.<\/span><\/strong><\/p>\n<p><span style=\"font-size: small; font-family: verdana,geneva; color: #d10b53;\"><strong>Le principe de l\u2019activit\u00e9 d\u2019Ambassadrice : <\/strong><\/span><\/p>\n<p><span style=\"font-size: small; font-family: verdana,geneva;\">* Le principe de votre activit\u00e9 est de pr\u00e9senter les collections de corsetterie Sensetreseaux.<\/span><br \/>\n<span style=\"font-size: small; font-family: verdana,geneva;\">* De mettre en place des r\u00e9unions au travers d\u2019H\u00f4tesses qui inviteront vos futures clientes \u00e0 une r\u00e9union.<\/span><br \/>\n<span style=\"font-size: small; font-family: verdana,geneva;\">* Le poste d\u2019Ambassadrice de vente Ind\u00e9pendante vous permet d\u2019organiser votre temps comme bon vous semble. Seule votre motivation personnelle vous permettra de vous \u00e9panouir dans une activit\u00e9 r\u00e9mun\u00e9ratrice et enrichissante.<\/span><\/p>\n<p><span style=\"font-size: small; font-family: verdana,geneva; color: #d10b53;\"><strong>Le principe de la r\u00e9mun\u00e9ration est simple : <\/strong><\/span><\/p>\n<p><span style=\"font-size: small; font-family: verdana,geneva;\">* Vous percevez une r\u00e9mun\u00e9ration directement li\u00e9e \u00e0 votre activit\u00e9 de vente.<\/span><br \/>\n<span style=\"font-size: small; font-family: verdana,geneva;\">* Pour celle qui souhaite s\u2019impliquer, de fa\u00e7on plus importance, en cr\u00e9ant un r\u00e9seau de vente, un bar\u00e8me de commission compl\u00e9mentaire et de prime annuelle est automatiquement mis en place.<\/span><br \/>\n<span style=\"font-size: small; font-family: verdana,geneva;\">* Mais si vous le souhaitez, et suivant votre motivation, vous pourrez \u00e0 l\u2019issu d\u2019une p\u00e9riode que vous d\u00e9finirez obtenir un poste en CDI statut cadre. Ce CDI s\u2019accompagne d&rsquo;un v\u00e9hicule de fonction, d&rsquo;un t\u00e9l\u00e9phone et d\u2019un acc\u00e8s internet pris en charge par sensetreseaux.<\/span><\/p>\n<p><span style=\"font-size: small; font-family: verdana,geneva; color: #d10b53;\"><strong>Pour conclure :<\/strong><\/span><\/p>\n<p><span style=\"font-size: small; font-family: verdana,geneva;\">Tous les ans un concours est organis\u00e9 pour toutes les ambassadrices. L\u2019objectif est d\u2019offrir \u00e0 l\u2019Ambassadrice et la personne de son choix, un voyage parmi les plus belles destinations.<\/span><\/p>\n<p><span style=\"font-size: small; font-family: verdana,geneva; color: #d10b53;\"><strong>Cette activit\u00e9 vous attire ?<\/strong><\/span><\/p>\n<p><span style=\"font-size: small; font-family: verdana,geneva;\">Remplissez le formulaire ci-dessous, nous vous contacterons tr\u00e8s rapidement pour int\u00e9grer notre r\u00e9seau. Aucun pr\u00e9-requis, dipl\u00f4me ou exp\u00e9rience n\u2019est exig\u00e9e, seule votre motivation et votre int\u00e9r\u00eat pour la corseterie est important.<\/span><\/p>\n<p><span style=\"font-family: verdana,geneva; font-size: small;\"><div class=\"toggle_container shortcode\">\n<h3 class=\"toggle_title\">Remplissez le formulaire<span class=\"toggle_indicator\"><\/span><\/h3>\n<div class=\"toggle_body\">\n<\/span><br \/>\n<span style=\"font-family: verdana,geneva; font-size: small;\"> \n<div class=\"wpcf7 no-js\" id=\"wpcf7-f281-o1\" lang=\"en-US\" dir=\"ltr\" data-wpcf7-id=\"281\">\n<div class=\"screen-reader-response\"><p role=\"status\" aria-live=\"polite\" aria-atomic=\"true\"><\/p> <ul><\/ul><\/div>\n<form action=\"\/index.php?rest_route=%2Fwp%2Fv2%2Fpages%2F7#wpcf7-f281-o1\" method=\"post\" class=\"wpcf7-form init\" aria-label=\"Contact form\" enctype=\"multipart\/form-data\" novalidate=\"novalidate\" data-status=\"init\">\n<fieldset class=\"hidden-fields-container\"><input type=\"hidden\" name=\"_wpcf7\" value=\"281\" \/><input type=\"hidden\" name=\"_wpcf7_version\" value=\"6.1.5\" \/><input type=\"hidden\" name=\"_wpcf7_locale\" value=\"en_US\" \/><input type=\"hidden\" name=\"_wpcf7_unit_tag\" value=\"wpcf7-f281-o1\" \/><input type=\"hidden\" name=\"_wpcf7_container_post\" value=\"0\" \/><input type=\"hidden\" name=\"_wpcf7_posted_data_hash\" value=\"\" \/>\n<\/fieldset>\n<p>Votre nom* (obligatoire)<br \/>\n<span class=\"wpcf7-form-control-wrap\" data-name=\"your-name\"><input size=\"40\" maxlength=\"400\" class=\"wpcf7-form-control wpcf7-text wpcf7-validates-as-required\" aria-required=\"true\" aria-invalid=\"false\" value=\"\" type=\"text\" name=\"your-name\" \/><\/span>\n<\/p>\n<p>Votre pr\u00e9nom* (obligatoire)<br \/>\n<span class=\"wpcf7-form-control-wrap\" data-name=\"text-126\"><input size=\"40\" maxlength=\"400\" class=\"wpcf7-form-control wpcf7-text wpcf7-validates-as-required\" aria-required=\"true\" aria-invalid=\"false\" value=\"\" type=\"text\" name=\"text-126\" \/><\/span>\n<\/p>\n<p>Adresse e-mail* (obligatoire)\n<\/p>\n<p><span class=\"wpcf7-form-control-wrap\" data-name=\"your-email\"><input size=\"40\" maxlength=\"400\" class=\"wpcf7-form-control wpcf7-email wpcf7-validates-as-required wpcf7-text wpcf7-validates-as-email\" aria-required=\"true\" aria-invalid=\"false\" value=\"\" type=\"email\" name=\"your-email\" \/><\/span>\n<\/p>\n<p>Adresse\n<\/p>\n<p><span class=\"wpcf7-form-control-wrap\" data-name=\"text-876\"><input size=\"40\" maxlength=\"400\" class=\"wpcf7-form-control wpcf7-text\" aria-invalid=\"false\" value=\"\" type=\"text\" name=\"text-876\" \/><\/span>\n<\/p>\n<p>Suite adresse\n<\/p>\n<p><span class=\"wpcf7-form-control-wrap\" data-name=\"text-149\"><input size=\"40\" maxlength=\"400\" class=\"wpcf7-form-control wpcf7-text\" aria-invalid=\"false\" value=\"\" type=\"text\" name=\"text-149\" \/><\/span>\n<\/p>\n<p>Pays\n<\/p>\n<p><span class=\"wpcf7-form-control-wrap\" data-name=\"menu-223\"><select class=\"wpcf7-form-control wpcf7-select\" aria-invalid=\"false\" name=\"menu-223\"><option value=\"France\">France<\/option><option value=\"Belgique\">Belgique<\/option><option value=\"Luxembourg\">Luxembourg<\/option><option value=\"Suisse\">Suisse<\/option><option value=\"Dom Tom\">Dom Tom<\/option><\/select><\/span>\n<\/p>\n<p>Code postal*\n<\/p>\n<p><span class=\"wpcf7-form-control-wrap\" data-name=\"text-797\"><input size=\"40\" maxlength=\"400\" class=\"wpcf7-form-control wpcf7-text wpcf7-validates-as-required\" aria-required=\"true\" aria-invalid=\"false\" value=\"\" type=\"text\" name=\"text-797\" \/><\/span>\n<\/p>\n<p>Ville*\n<\/p>\n<p><span class=\"wpcf7-form-control-wrap\" data-name=\"text-480\"><input size=\"40\" maxlength=\"400\" class=\"wpcf7-form-control wpcf7-text wpcf7-validates-as-required\" aria-required=\"true\" aria-invalid=\"false\" value=\"\" type=\"text\" name=\"text-480\" \/><\/span>\n<\/p>\n<p>T\u00e9l\u00e9phone*\n<\/p>\n<p><span class=\"wpcf7-form-control-wrap\" data-name=\"text-539\"><input size=\"40\" maxlength=\"400\" class=\"wpcf7-form-control wpcf7-text wpcf7-validates-as-required\" aria-required=\"true\" aria-invalid=\"false\" value=\"\" type=\"text\" name=\"text-539\" \/><\/span>\n<\/p>\n<p>Contactez moi entre\n<\/p>\n<p><span class=\"wpcf7-form-control-wrap\" data-name=\"menu-309\"><select class=\"wpcf7-form-control wpcf7-select\" aria-invalid=\"false\" name=\"menu-309\"><option value=\"07h00 - 09h00\">07h00 - 09h00<\/option><option value=\"09h00 - 11h00\">09h00 - 11h00<\/option><option value=\"11h00 - 13h00\">11h00 - 13h00<\/option><option value=\"13h00 - 15h00\">13h00 - 15h00<\/option><option value=\"15h00 - 19h00\">15h00 - 19h00<\/option><\/select><\/span>\n<\/p>\n<p>Si vous \u00eates parrain\u00e9(e) : Email \"@sensetreseaux.com\" de votre parrain\n<\/p>\n<p><span class=\"wpcf7-form-control-wrap\" data-name=\"email-612\"><input size=\"40\" maxlength=\"400\" class=\"wpcf7-form-control wpcf7-email wpcf7-text wpcf7-validates-as-email\" aria-invalid=\"false\" value=\"\" type=\"email\" name=\"email-612\" \/><\/span>\n<\/p>\n<p>Pour un traitement imm\u00e9diat, vous pouvez nous adresser votre candidature\n<\/p>\n<p><span class=\"wpcf7-form-control-wrap\" data-name=\"file-289\"><input size=\"40\" class=\"wpcf7-form-control wpcf7-file\" accept=\"audio\/*,video\/*,image\/*\" aria-invalid=\"false\" type=\"file\" name=\"file-289\" \/><\/span>\n<\/p>\n<p>Sujet\n<\/p>\n<p><span class=\"wpcf7-form-control-wrap\" data-name=\"your-subject\"><input size=\"40\" maxlength=\"400\" class=\"wpcf7-form-control wpcf7-text\" aria-invalid=\"false\" value=\"\" type=\"text\" name=\"your-subject\" \/><\/span>\n<\/p>\n<p>Votre message\n<\/p>\n<p><span class=\"wpcf7-form-control-wrap\" data-name=\"your-message\"><textarea cols=\"40\" rows=\"10\" maxlength=\"2000\" class=\"wpcf7-form-control wpcf7-textarea\" aria-invalid=\"false\" name=\"your-message\"><\/textarea><\/span>\n<\/p>\n<p><input class=\"wpcf7-form-control wpcf7-submit has-spinner\" type=\"submit\" value=\"Envoyer\" \/>\n<\/p><div class=\"wpcf7-response-output\" aria-hidden=\"true\"><\/div>\n<\/form>\n<\/div>\n<\/span><\/p>\n<p><span style=\"font-family: verdana,geneva; font-size: small;\">* Champs obligatoires<\/span><\/p>\n<p><span style=\"font-size: small; font-family: verdana,geneva;\"> <div class=\"clear\"><\/div>\n<\/div>\n<\/div>\n<\/span><\/p>\n","protected":false},"excerpt":{"rendered":"<p>Les points forts du poste d\u2019Ambassadrice Simplicit\u00e9, \u00e9panouissement, libert\u00e9, \u00e9volution. Le principe de l\u2019activit\u00e9 d\u2019Ambassadrice : * Le principe de votre activit\u00e9 est de pr\u00e9senter les collections de corsetterie Sensetreseaux. * De mettre en place des r\u00e9unions au travers d\u2019H\u00f4tesses qui inviteront vos futures clientes \u00e0 une r\u00e9union. * Le poste d\u2019Ambassadrice de vente Ind\u00e9pendante [&hellip;]<\/p>\n","protected":false},"author":1,"featured_media":0,"parent":0,"menu_order":1,"comment_status":"open","ping_status":"closed","template":"full-width.php","meta":{"footnotes":""},"class_list":["post-7","page","type-page","status-publish","hentry"],"yoast_head":"<!-- This site is optimized with the Yoast SEO plugin v27.2 - https:\/\/yoast.com\/product\/yoast-seo-wordpress\/ -->\n<title>Devenez Ambassadrice - Sens et Reseaux<\/title>\n<meta name=\"robots\" content=\"index, follow, max-snippet:-1, max-image-preview:large, max-video-preview:-1\" \/>\n<link rel=\"canonical\" href=\"https:\/\/www.sensetreseaux.com\/?page_id=7\" \/>\n<meta property=\"og:locale\" content=\"fr_FR\" \/>\n<meta property=\"og:type\" content=\"article\" \/>\n<meta property=\"og:title\" content=\"Devenez Ambassadrice - Sens et Reseaux\" \/>\n<meta property=\"og:description\" content=\"Les points forts du poste d\u2019Ambassadrice Simplicit\u00e9, \u00e9panouissement, libert\u00e9, \u00e9volution. Le principe de l\u2019activit\u00e9 d\u2019Ambassadrice : * Le principe de votre activit\u00e9 est de pr\u00e9senter les collections de corsetterie Sensetreseaux. * De mettre en place des r\u00e9unions au travers d\u2019H\u00f4tesses qui inviteront vos futures clientes \u00e0 une r\u00e9union. * Le poste d\u2019Ambassadrice de vente Ind\u00e9pendante [&hellip;]\" \/>\n<meta property=\"og:url\" content=\"https:\/\/www.sensetreseaux.com\/?page_id=7\" \/>\n<meta property=\"og:site_name\" content=\"Sens et Reseaux\" \/>\n<meta property=\"article:modified_time\" content=\"2012-10-31T14:23:31+00:00\" \/>\n<meta name=\"twitter:card\" content=\"summary_large_image\" \/>\n<meta name=\"twitter:label1\" content=\"Dur\u00e9e de lecture estim\u00e9e\" \/>\n\t<meta name=\"twitter:data1\" content=\"1 minute\" \/>\n<script type=\"application\/ld+json\" class=\"yoast-schema-graph\">{\"@context\":\"https:\/\/schema.org\",\"@graph\":[{\"@type\":\"WebPage\",\"@id\":\"https:\/\/www.sensetreseaux.com\/?page_id=7\",\"url\":\"https:\/\/www.sensetreseaux.com\/?page_id=7\",\"name\":\"Devenez Ambassadrice - Sens et Reseaux\",\"isPartOf\":{\"@id\":\"https:\/\/www.sensetreseaux.com\/#website\"},\"datePublished\":\"2012-01-14T13:36:16+00:00\",\"dateModified\":\"2012-10-31T14:23:31+00:00\",\"breadcrumb\":{\"@id\":\"https:\/\/www.sensetreseaux.com\/?page_id=7#breadcrumb\"},\"inLanguage\":\"fr-FR\",\"potentialAction\":[{\"@type\":\"ReadAction\",\"target\":[\"https:\/\/www.sensetreseaux.com\/?page_id=7\"]}]},{\"@type\":\"BreadcrumbList\",\"@id\":\"https:\/\/www.sensetreseaux.com\/?page_id=7#breadcrumb\",\"itemListElement\":[{\"@type\":\"ListItem\",\"position\":1,\"name\":\"Accueil\",\"item\":\"https:\/\/www.sensetreseaux.com\/\"},{\"@type\":\"ListItem\",\"position\":2,\"name\":\"Devenez Ambassadrice\"}]},{\"@type\":\"WebSite\",\"@id\":\"https:\/\/www.sensetreseaux.com\/#website\",\"url\":\"https:\/\/www.sensetreseaux.com\/\",\"name\":\"Sens et Reseaux\",\"description\":\"Sens et R\u00e9seaux, le site des ambassadrices de lingerie\",\"potentialAction\":[{\"@type\":\"SearchAction\",\"target\":{\"@type\":\"EntryPoint\",\"urlTemplate\":\"https:\/\/www.sensetreseaux.com\/?s={search_term_string}\"},\"query-input\":{\"@type\":\"PropertyValueSpecification\",\"valueRequired\":true,\"valueName\":\"search_term_string\"}}],\"inLanguage\":\"fr-FR\"}]}<\/script>\n<!-- \/ Yoast SEO plugin. -->","yoast_head_json":{"title":"Devenez Ambassadrice - Sens et Reseaux","robots":{"index":"index","follow":"follow","max-snippet":"max-snippet:-1","max-image-preview":"max-image-preview:large","max-video-preview":"max-video-preview:-1"},"canonical":"https:\/\/www.sensetreseaux.com\/?page_id=7","og_locale":"fr_FR","og_type":"article","og_title":"Devenez Ambassadrice - Sens et Reseaux","og_description":"Les points forts du poste d\u2019Ambassadrice Simplicit\u00e9, \u00e9panouissement, libert\u00e9, \u00e9volution. Le principe de l\u2019activit\u00e9 d\u2019Ambassadrice : * Le principe de votre activit\u00e9 est de pr\u00e9senter les collections de corsetterie Sensetreseaux. * De mettre en place des r\u00e9unions au travers d\u2019H\u00f4tesses qui inviteront vos futures clientes \u00e0 une r\u00e9union. * Le poste d\u2019Ambassadrice de vente Ind\u00e9pendante [&hellip;]","og_url":"https:\/\/www.sensetreseaux.com\/?page_id=7","og_site_name":"Sens et Reseaux","article_modified_time":"2012-10-31T14:23:31+00:00","twitter_card":"summary_large_image","twitter_misc":{"Dur\u00e9e de lecture estim\u00e9e":"1 minute"},"schema":{"@context":"https:\/\/schema.org","@graph":[{"@type":"WebPage","@id":"https:\/\/www.sensetreseaux.com\/?page_id=7","url":"https:\/\/www.sensetreseaux.com\/?page_id=7","name":"Devenez Ambassadrice - Sens et Reseaux","isPartOf":{"@id":"https:\/\/www.sensetreseaux.com\/#website"},"datePublished":"2012-01-14T13:36:16+00:00","dateModified":"2012-10-31T14:23:31+00:00","breadcrumb":{"@id":"https:\/\/www.sensetreseaux.com\/?page_id=7#breadcrumb"},"inLanguage":"fr-FR","potentialAction":[{"@type":"ReadAction","target":["https:\/\/www.sensetreseaux.com\/?page_id=7"]}]},{"@type":"BreadcrumbList","@id":"https:\/\/www.sensetreseaux.com\/?page_id=7#breadcrumb","itemListElement":[{"@type":"ListItem","position":1,"name":"Accueil","item":"https:\/\/www.sensetreseaux.com\/"},{"@type":"ListItem","position":2,"name":"Devenez Ambassadrice"}]},{"@type":"WebSite","@id":"https:\/\/www.sensetreseaux.com\/#website","url":"https:\/\/www.sensetreseaux.com\/","name":"Sens et Reseaux","description":"Sens et R\u00e9seaux, le site des ambassadrices de lingerie","potentialAction":[{"@type":"SearchAction","target":{"@type":"EntryPoint","urlTemplate":"https:\/\/www.sensetreseaux.com\/?s={search_term_string}"},"query-input":{"@type":"PropertyValueSpecification","valueRequired":true,"valueName":"search_term_string"}}],"inLanguage":"fr-FR"}]}},"_links":{"self":[{"href":"https:\/\/www.sensetreseaux.com\/index.php?rest_route=\/wp\/v2\/pages\/7","targetHints":{"allow":["GET"]}}],"collection":[{"href":"https:\/\/www.sensetreseaux.com\/index.php?rest_route=\/wp\/v2\/pages"}],"about":[{"href":"https:\/\/www.sensetreseaux.com\/index.php?rest_route=\/wp\/v2\/types\/page"}],"author":[{"embeddable":true,"href":"https:\/\/www.sensetreseaux.com\/index.php?rest_route=\/wp\/v2\/users\/1"}],"replies":[{"embeddable":true,"href":"https:\/\/www.sensetreseaux.com\/index.php?rest_route=%2Fwp%2Fv2%2Fcomments&post=7"}],"version-history":[{"count":44,"href":"https:\/\/www.sensetreseaux.com\/index.php?rest_route=\/wp\/v2\/pages\/7\/revisions"}],"predecessor-version":[{"id":391,"href":"https:\/\/www.sensetreseaux.com\/index.php?rest_route=\/wp\/v2\/pages\/7\/revisions\/391"}],"wp:attachment":[{"href":"https:\/\/www.sensetreseaux.com\/index.php?rest_route=%2Fwp%2Fv2%2Fmedia&parent=7"}],"curies":[{"name":"wp","href":"https:\/\/api.w.org\/{rel}","templated":true}]}}