{"id":5,"date":"2012-01-14T13:35:48","date_gmt":"2012-01-14T13:35:48","guid":{"rendered":"https:\/\/www.sensetreseaux.com\/?page_id=5"},"modified":"2012-06-14T15:15:05","modified_gmt":"2012-06-14T15:15:05","slug":"le-reseau","status":"publish","type":"page","link":"https:\/\/www.sensetreseaux.com\/?page_id=5","title":{"rendered":"Le Reseau"},"content":{"rendered":"<p><span style=\"color: #d10b53; font-size: small; font-family: verdana,geneva;\"><strong>Introduction :<\/strong><\/span><br \/>\n<span style=\"font-size: small; font-family: verdana,geneva;\"> La Vente en R\u00e9union, connue aussi sous le nom de Commercialisation par r\u00e9seaux, Marketing ou Vente directe \u00e0 niveaux multiples, est une caract\u00e9ristique directe le la commercialisation industrielle.<\/span><br \/>\n<span style=\"font-size: small; font-family: verdana,geneva;\"> C&rsquo;est une m\u00e9thode de vente qui a prouv\u00e9 son efficacit\u00e9 et sa profitabilit\u00e9 en permettant \u00e0 tous, et en fonction de ses disponibilit\u00e9s, d\u2019augmenter de fa\u00e7on significative sa r\u00e9mun\u00e9ration mensuelle.<\/span><\/p>\n<p><span style=\"color: #d10b53; font-size: small; font-family: verdana,geneva;\"><strong>Principe :<\/strong><\/span><br \/>\n<span style=\"font-size: small; font-family: verdana,geneva;\"> Cr\u00e9er une r\u00e9union entre amies pour pr\u00e9senter des produits de haute qualit\u00e9 et aux tarifs avantageux.<\/span><br \/>\n<span style=\"font-size: small; font-family: verdana,geneva;\"> Pour cr\u00e9er une r\u00e9union, l\u2019Ambassadrice s\u2019aide d\u2019une H\u00f4tesse qui convoque ses connaissances \u00e0 une pr\u00e9sentation.<\/span><\/p>\n<p><span style=\"font-size: small; font-family: verdana,geneva;\">Le fait qu\u2019une Ambassadrice soit convi\u00e9e par une H\u00f4tesse permet de travailler dans une ambiance non seulement conviviale, puisque tout les invit\u00e9s connaissent l\u2019h\u00f4tesse, mais en plus enrichissante pour l\u2019Ambassadrice.<\/span><\/p>\n<p><span style=\"color: #d10b53; font-size: small; font-family: verdana,geneva;\"><strong>Alors si vos objectifs personnels sont :<\/strong><\/span><br \/>\n<span style=\"font-size: small; font-family: verdana,geneva;\"> D\u2019avoir du temps pour vous et vos proches,<\/span><br \/>\n<span style=\"font-size: small; font-family: verdana,geneva;\"> De travailler dans une bonne ambiance,<\/span><br \/>\n<span style=\"font-size: small; font-family: verdana,geneva;\"> D\u2019avoir de v\u00e9ritables opportunit\u00e9s de carri\u00e8re,<\/span><br \/>\n<span style=\"font-size: small; font-family: verdana,geneva;\"> D\u2019avoir une r\u00e9mun\u00e9ration qui soit directement li\u00e9e \u00e0 votre activit\u00e9.<\/span><\/p>\n<p><span style=\"color: #d10b53; font-size: small; font-family: verdana,geneva;\"><strong>Si vous aimez :<\/strong><\/span><br \/>\n<span style=\"font-size: small; font-family: verdana,geneva;\"> L\u2019esth\u00e9tisme et la beaut\u00e9.<\/span><br \/>\n<span style=\"font-size: small; font-family: verdana,geneva;\"> La corsetterie f\u00e9minine.<\/span><br \/>\n<span style=\"font-size: small; font-family: verdana,geneva;\"> Le contact humain.<\/span><br \/>\n<span style=\"font-size: small; font-family: verdana,geneva;\"> Organiser votre activit\u00e9 comme vous le souhaitez.<\/span><\/p>\n<p><span style=\"color: #d10b53; font-size: small; font-family: verdana,geneva;\"><strong>Si vous \u00eates :<\/strong><\/span><br \/>\n<span style=\"font-size: small; font-family: verdana,geneva;\"> Dynamique, motiv\u00e9e, enthousiaste.<\/span><\/p>\n<p><span style=\"font-size: small; font-family: verdana,geneva; color: #d10b53;\"><strong>Alors rejoignez nous.<\/strong><\/span><\/p>\n<p><span style=\"font-size: small; font-family: verdana,geneva;\">Nous vous proposons des r\u00e9mun\u00e9rations r\u00e9ellement motivantes, des primes, et si vous le souhaitez \u00e0 terme de b\u00e9n\u00e9ficier d\u2019un statut CDI, d&rsquo;un v\u00e9hicule de fonction et de moyens de communication, t\u00e9l\u00e9phone + Internet.<\/span><\/p>\n<p><span style=\"font-size: small; font-family: verdana,geneva;\">Une assistance commerciale permanente vous aidera en fonction de votre objectif a d\u00e9terminer vos besoins en formation produit.<\/span><\/p>\n<p><span style=\"font-size: small; font-family: verdana,geneva;\">Pour Conclure, sachez que Sensetreseaux organise chaque ann\u00e9e un concoure o\u00f9 vous pouvez gagner des voyages parmi les plus belles destinations du monde ainsi que des primes.<\/span><\/p>\n","protected":false},"excerpt":{"rendered":"<p>Introduction : La Vente en R\u00e9union, connue aussi sous le nom de Commercialisation par r\u00e9seaux, Marketing ou Vente directe \u00e0 niveaux multiples, est une caract\u00e9ristique directe le la commercialisation industrielle. C&rsquo;est une m\u00e9thode de vente qui a prouv\u00e9 son efficacit\u00e9 et sa profitabilit\u00e9 en permettant \u00e0 tous, et en fonction de ses disponibilit\u00e9s, d\u2019augmenter de [&hellip;]<\/p>\n","protected":false},"author":1,"featured_media":0,"parent":0,"menu_order":0,"comment_status":"open","ping_status":"closed","template":"full-width.php","meta":{"footnotes":""},"class_list":["post-5","page","type-page","status-publish","hentry"],"yoast_head":"<!-- This site is optimized with the Yoast SEO plugin v27.2 - https:\/\/yoast.com\/product\/yoast-seo-wordpress\/ -->\n<title>Le Reseau - Sens et Reseaux<\/title>\n<meta name=\"robots\" content=\"index, follow, max-snippet:-1, max-image-preview:large, max-video-preview:-1\" \/>\n<link rel=\"canonical\" href=\"https:\/\/www.sensetreseaux.com\/?page_id=5\" \/>\n<meta property=\"og:locale\" content=\"fr_FR\" \/>\n<meta property=\"og:type\" content=\"article\" \/>\n<meta property=\"og:title\" content=\"Le Reseau - Sens et Reseaux\" \/>\n<meta property=\"og:description\" content=\"Introduction : La Vente en R\u00e9union, connue aussi sous le nom de Commercialisation par r\u00e9seaux, Marketing ou Vente directe \u00e0 niveaux multiples, est une caract\u00e9ristique directe le la commercialisation industrielle. C&rsquo;est une m\u00e9thode de vente qui a prouv\u00e9 son efficacit\u00e9 et sa profitabilit\u00e9 en permettant \u00e0 tous, et en fonction de ses disponibilit\u00e9s, d\u2019augmenter de [&hellip;]\" \/>\n<meta property=\"og:url\" content=\"https:\/\/www.sensetreseaux.com\/?page_id=5\" \/>\n<meta property=\"og:site_name\" content=\"Sens et Reseaux\" \/>\n<meta property=\"article:modified_time\" content=\"2012-06-14T15:15:05+00:00\" \/>\n<meta name=\"twitter:card\" content=\"summary_large_image\" \/>\n<meta name=\"twitter:label1\" content=\"Dur\u00e9e de lecture estim\u00e9e\" \/>\n\t<meta name=\"twitter:data1\" content=\"2 minutes\" \/>\n<script type=\"application\/ld+json\" class=\"yoast-schema-graph\">{\"@context\":\"https:\/\/schema.org\",\"@graph\":[{\"@type\":\"WebPage\",\"@id\":\"https:\/\/www.sensetreseaux.com\/?page_id=5\",\"url\":\"https:\/\/www.sensetreseaux.com\/?page_id=5\",\"name\":\"Le Reseau - Sens et Reseaux\",\"isPartOf\":{\"@id\":\"https:\/\/www.sensetreseaux.com\/#website\"},\"datePublished\":\"2012-01-14T13:35:48+00:00\",\"dateModified\":\"2012-06-14T15:15:05+00:00\",\"breadcrumb\":{\"@id\":\"https:\/\/www.sensetreseaux.com\/?page_id=5#breadcrumb\"},\"inLanguage\":\"fr-FR\",\"potentialAction\":[{\"@type\":\"ReadAction\",\"target\":[\"https:\/\/www.sensetreseaux.com\/?page_id=5\"]}]},{\"@type\":\"BreadcrumbList\",\"@id\":\"https:\/\/www.sensetreseaux.com\/?page_id=5#breadcrumb\",\"itemListElement\":[{\"@type\":\"ListItem\",\"position\":1,\"name\":\"Accueil\",\"item\":\"https:\/\/www.sensetreseaux.com\/\"},{\"@type\":\"ListItem\",\"position\":2,\"name\":\"Le Reseau\"}]},{\"@type\":\"WebSite\",\"@id\":\"https:\/\/www.sensetreseaux.com\/#website\",\"url\":\"https:\/\/www.sensetreseaux.com\/\",\"name\":\"Sens et Reseaux\",\"description\":\"Sens et R\u00e9seaux, le site des ambassadrices de lingerie\",\"potentialAction\":[{\"@type\":\"SearchAction\",\"target\":{\"@type\":\"EntryPoint\",\"urlTemplate\":\"https:\/\/www.sensetreseaux.com\/?s={search_term_string}\"},\"query-input\":{\"@type\":\"PropertyValueSpecification\",\"valueRequired\":true,\"valueName\":\"search_term_string\"}}],\"inLanguage\":\"fr-FR\"}]}<\/script>\n<!-- \/ Yoast SEO plugin. -->","yoast_head_json":{"title":"Le Reseau - Sens et Reseaux","robots":{"index":"index","follow":"follow","max-snippet":"max-snippet:-1","max-image-preview":"max-image-preview:large","max-video-preview":"max-video-preview:-1"},"canonical":"https:\/\/www.sensetreseaux.com\/?page_id=5","og_locale":"fr_FR","og_type":"article","og_title":"Le Reseau - Sens et Reseaux","og_description":"Introduction : La Vente en R\u00e9union, connue aussi sous le nom de Commercialisation par r\u00e9seaux, Marketing ou Vente directe \u00e0 niveaux multiples, est une caract\u00e9ristique directe le la commercialisation industrielle. C&rsquo;est une m\u00e9thode de vente qui a prouv\u00e9 son efficacit\u00e9 et sa profitabilit\u00e9 en permettant \u00e0 tous, et en fonction de ses disponibilit\u00e9s, d\u2019augmenter de [&hellip;]","og_url":"https:\/\/www.sensetreseaux.com\/?page_id=5","og_site_name":"Sens et Reseaux","article_modified_time":"2012-06-14T15:15:05+00:00","twitter_card":"summary_large_image","twitter_misc":{"Dur\u00e9e de lecture estim\u00e9e":"2 minutes"},"schema":{"@context":"https:\/\/schema.org","@graph":[{"@type":"WebPage","@id":"https:\/\/www.sensetreseaux.com\/?page_id=5","url":"https:\/\/www.sensetreseaux.com\/?page_id=5","name":"Le Reseau - Sens et Reseaux","isPartOf":{"@id":"https:\/\/www.sensetreseaux.com\/#website"},"datePublished":"2012-01-14T13:35:48+00:00","dateModified":"2012-06-14T15:15:05+00:00","breadcrumb":{"@id":"https:\/\/www.sensetreseaux.com\/?page_id=5#breadcrumb"},"inLanguage":"fr-FR","potentialAction":[{"@type":"ReadAction","target":["https:\/\/www.sensetreseaux.com\/?page_id=5"]}]},{"@type":"BreadcrumbList","@id":"https:\/\/www.sensetreseaux.com\/?page_id=5#breadcrumb","itemListElement":[{"@type":"ListItem","position":1,"name":"Accueil","item":"https:\/\/www.sensetreseaux.com\/"},{"@type":"ListItem","position":2,"name":"Le Reseau"}]},{"@type":"WebSite","@id":"https:\/\/www.sensetreseaux.com\/#website","url":"https:\/\/www.sensetreseaux.com\/","name":"Sens et Reseaux","description":"Sens et R\u00e9seaux, le site des ambassadrices de lingerie","potentialAction":[{"@type":"SearchAction","target":{"@type":"EntryPoint","urlTemplate":"https:\/\/www.sensetreseaux.com\/?s={search_term_string}"},"query-input":{"@type":"PropertyValueSpecification","valueRequired":true,"valueName":"search_term_string"}}],"inLanguage":"fr-FR"}]}},"_links":{"self":[{"href":"https:\/\/www.sensetreseaux.com\/index.php?rest_route=\/wp\/v2\/pages\/5","targetHints":{"allow":["GET"]}}],"collection":[{"href":"https:\/\/www.sensetreseaux.com\/index.php?rest_route=\/wp\/v2\/pages"}],"about":[{"href":"https:\/\/www.sensetreseaux.com\/index.php?rest_route=\/wp\/v2\/types\/page"}],"author":[{"embeddable":true,"href":"https:\/\/www.sensetreseaux.com\/index.php?rest_route=\/wp\/v2\/users\/1"}],"replies":[{"embeddable":true,"href":"https:\/\/www.sensetreseaux.com\/index.php?rest_route=%2Fwp%2Fv2%2Fcomments&post=5"}],"version-history":[{"count":35,"href":"https:\/\/www.sensetreseaux.com\/index.php?rest_route=\/wp\/v2\/pages\/5\/revisions"}],"predecessor-version":[{"id":301,"href":"https:\/\/www.sensetreseaux.com\/index.php?rest_route=\/wp\/v2\/pages\/5\/revisions\/301"}],"wp:attachment":[{"href":"https:\/\/www.sensetreseaux.com\/index.php?rest_route=%2Fwp%2Fv2%2Fmedia&parent=5"}],"curies":[{"name":"wp","href":"https:\/\/api.w.org\/{rel}","templated":true}]}}