{"id":195,"date":"2012-02-29T12:46:19","date_gmt":"2012-02-29T12:46:19","guid":{"rendered":"https:\/\/www.sensetreseaux.com\/?page_id=195"},"modified":"2012-10-31T14:25:03","modified_gmt":"2012-10-31T14:25:03","slug":"qui-sommes-nous","status":"publish","type":"page","link":"https:\/\/www.sensetreseaux.com\/?page_id=195","title":{"rendered":"Qui sommes nous"},"content":{"rendered":"<p><span style=\"font-size: small; font-family: verdana,geneva;\">La volont\u00e9 du groupe est de proposer un \u00e9ventail de produits haut de gamme dans le domaine de la corseterie, fabriqu\u00e9s exclusivement en France et en Europe.<\/span><br \/>\n<span style=\"font-family: verdana,geneva;\"> Le concept du groupe est de rechercher des produits parmi les plus raffin\u00e9s et stylis\u00e9s.<\/span><br \/>\n<span style=\"font-family: verdana,geneva;\"> Notre volont\u00e9 premi\u00e8re est de promouvoir le savoir faire des meilleurs acteurs de la lingerie.<\/span><br \/>\n<span style=\"font-family: verdana,geneva;\"> L&rsquo;objectif est de proposer \u00e0 notre client\u00e8le, en plus de ses produits haut de gamme, des prix accessibles \u00e0 toutes.<\/span><\/p>\n<p><span style=\"font-size: small; font-family: verdana,geneva;\">Notre plus belle r\u00e9ussite est votre satisfaction <\/span><\/p>\n<p><span style=\"font-size: small; font-family: verdana,geneva;\">Contact : contact@sensetreseaux.com<\/span><\/p>\n<p><span style=\"font-size: small; font-family: verdana,geneva;\"><br style=\"font-size: small; font-family: verdana,geneva;\" \/><\/span><\/p>\n","protected":false},"excerpt":{"rendered":"<p>La volont\u00e9 du groupe est de proposer un \u00e9ventail de produits haut de gamme dans le domaine de la corseterie, fabriqu\u00e9s exclusivement en France et en Europe. Le concept du groupe est de rechercher des produits parmi les plus raffin\u00e9s et stylis\u00e9s. Notre volont\u00e9 premi\u00e8re est de promouvoir le savoir faire des meilleurs acteurs de [&hellip;]<\/p>\n","protected":false},"author":1,"featured_media":0,"parent":0,"menu_order":0,"comment_status":"open","ping_status":"closed","template":"full-width.php","meta":{"footnotes":""},"class_list":["post-195","page","type-page","status-publish","hentry"],"yoast_head":"<!-- This site is optimized with the Yoast SEO plugin v27.2 - https:\/\/yoast.com\/product\/yoast-seo-wordpress\/ -->\n<title>Qui sommes nous - Sens et Reseaux<\/title>\n<meta name=\"robots\" content=\"index, follow, max-snippet:-1, max-image-preview:large, max-video-preview:-1\" \/>\n<link rel=\"canonical\" href=\"https:\/\/www.sensetreseaux.com\/?page_id=195\" \/>\n<meta property=\"og:locale\" content=\"fr_FR\" \/>\n<meta property=\"og:type\" content=\"article\" \/>\n<meta property=\"og:title\" content=\"Qui sommes nous - Sens et Reseaux\" \/>\n<meta property=\"og:description\" content=\"La volont\u00e9 du groupe est de proposer un \u00e9ventail de produits haut de gamme dans le domaine de la corseterie, fabriqu\u00e9s exclusivement en France et en Europe. Le concept du groupe est de rechercher des produits parmi les plus raffin\u00e9s et stylis\u00e9s. Notre volont\u00e9 premi\u00e8re est de promouvoir le savoir faire des meilleurs acteurs de [&hellip;]\" \/>\n<meta property=\"og:url\" content=\"https:\/\/www.sensetreseaux.com\/?page_id=195\" \/>\n<meta property=\"og:site_name\" content=\"Sens et Reseaux\" \/>\n<meta property=\"article:modified_time\" content=\"2012-10-31T14:25:03+00:00\" \/>\n<meta name=\"twitter:card\" content=\"summary_large_image\" \/>\n<script type=\"application\/ld+json\" class=\"yoast-schema-graph\">{\"@context\":\"https:\/\/schema.org\",\"@graph\":[{\"@type\":\"WebPage\",\"@id\":\"https:\/\/www.sensetreseaux.com\/?page_id=195\",\"url\":\"https:\/\/www.sensetreseaux.com\/?page_id=195\",\"name\":\"Qui sommes nous - Sens et Reseaux\",\"isPartOf\":{\"@id\":\"https:\/\/www.sensetreseaux.com\/#website\"},\"datePublished\":\"2012-02-29T12:46:19+00:00\",\"dateModified\":\"2012-10-31T14:25:03+00:00\",\"breadcrumb\":{\"@id\":\"https:\/\/www.sensetreseaux.com\/?page_id=195#breadcrumb\"},\"inLanguage\":\"fr-FR\",\"potentialAction\":[{\"@type\":\"ReadAction\",\"target\":[\"https:\/\/www.sensetreseaux.com\/?page_id=195\"]}]},{\"@type\":\"BreadcrumbList\",\"@id\":\"https:\/\/www.sensetreseaux.com\/?page_id=195#breadcrumb\",\"itemListElement\":[{\"@type\":\"ListItem\",\"position\":1,\"name\":\"Accueil\",\"item\":\"https:\/\/www.sensetreseaux.com\/\"},{\"@type\":\"ListItem\",\"position\":2,\"name\":\"Qui sommes nous\"}]},{\"@type\":\"WebSite\",\"@id\":\"https:\/\/www.sensetreseaux.com\/#website\",\"url\":\"https:\/\/www.sensetreseaux.com\/\",\"name\":\"Sens et Reseaux\",\"description\":\"Sens et R\u00e9seaux, le site des ambassadrices de lingerie\",\"potentialAction\":[{\"@type\":\"SearchAction\",\"target\":{\"@type\":\"EntryPoint\",\"urlTemplate\":\"https:\/\/www.sensetreseaux.com\/?s={search_term_string}\"},\"query-input\":{\"@type\":\"PropertyValueSpecification\",\"valueRequired\":true,\"valueName\":\"search_term_string\"}}],\"inLanguage\":\"fr-FR\"}]}<\/script>\n<!-- \/ Yoast SEO plugin. -->","yoast_head_json":{"title":"Qui sommes nous - Sens et Reseaux","robots":{"index":"index","follow":"follow","max-snippet":"max-snippet:-1","max-image-preview":"max-image-preview:large","max-video-preview":"max-video-preview:-1"},"canonical":"https:\/\/www.sensetreseaux.com\/?page_id=195","og_locale":"fr_FR","og_type":"article","og_title":"Qui sommes nous - Sens et Reseaux","og_description":"La volont\u00e9 du groupe est de proposer un \u00e9ventail de produits haut de gamme dans le domaine de la corseterie, fabriqu\u00e9s exclusivement en France et en Europe. Le concept du groupe est de rechercher des produits parmi les plus raffin\u00e9s et stylis\u00e9s. Notre volont\u00e9 premi\u00e8re est de promouvoir le savoir faire des meilleurs acteurs de [&hellip;]","og_url":"https:\/\/www.sensetreseaux.com\/?page_id=195","og_site_name":"Sens et Reseaux","article_modified_time":"2012-10-31T14:25:03+00:00","twitter_card":"summary_large_image","schema":{"@context":"https:\/\/schema.org","@graph":[{"@type":"WebPage","@id":"https:\/\/www.sensetreseaux.com\/?page_id=195","url":"https:\/\/www.sensetreseaux.com\/?page_id=195","name":"Qui sommes nous - Sens et Reseaux","isPartOf":{"@id":"https:\/\/www.sensetreseaux.com\/#website"},"datePublished":"2012-02-29T12:46:19+00:00","dateModified":"2012-10-31T14:25:03+00:00","breadcrumb":{"@id":"https:\/\/www.sensetreseaux.com\/?page_id=195#breadcrumb"},"inLanguage":"fr-FR","potentialAction":[{"@type":"ReadAction","target":["https:\/\/www.sensetreseaux.com\/?page_id=195"]}]},{"@type":"BreadcrumbList","@id":"https:\/\/www.sensetreseaux.com\/?page_id=195#breadcrumb","itemListElement":[{"@type":"ListItem","position":1,"name":"Accueil","item":"https:\/\/www.sensetreseaux.com\/"},{"@type":"ListItem","position":2,"name":"Qui sommes nous"}]},{"@type":"WebSite","@id":"https:\/\/www.sensetreseaux.com\/#website","url":"https:\/\/www.sensetreseaux.com\/","name":"Sens et Reseaux","description":"Sens et R\u00e9seaux, le site des ambassadrices de lingerie","potentialAction":[{"@type":"SearchAction","target":{"@type":"EntryPoint","urlTemplate":"https:\/\/www.sensetreseaux.com\/?s={search_term_string}"},"query-input":{"@type":"PropertyValueSpecification","valueRequired":true,"valueName":"search_term_string"}}],"inLanguage":"fr-FR"}]}},"_links":{"self":[{"href":"https:\/\/www.sensetreseaux.com\/index.php?rest_route=\/wp\/v2\/pages\/195","targetHints":{"allow":["GET"]}}],"collection":[{"href":"https:\/\/www.sensetreseaux.com\/index.php?rest_route=\/wp\/v2\/pages"}],"about":[{"href":"https:\/\/www.sensetreseaux.com\/index.php?rest_route=\/wp\/v2\/types\/page"}],"author":[{"embeddable":true,"href":"https:\/\/www.sensetreseaux.com\/index.php?rest_route=\/wp\/v2\/users\/1"}],"replies":[{"embeddable":true,"href":"https:\/\/www.sensetreseaux.com\/index.php?rest_route=%2Fwp%2Fv2%2Fcomments&post=195"}],"version-history":[{"count":27,"href":"https:\/\/www.sensetreseaux.com\/index.php?rest_route=\/wp\/v2\/pages\/195\/revisions"}],"predecessor-version":[{"id":199,"href":"https:\/\/www.sensetreseaux.com\/index.php?rest_route=\/wp\/v2\/pages\/195\/revisions\/199"}],"wp:attachment":[{"href":"https:\/\/www.sensetreseaux.com\/index.php?rest_route=%2Fwp%2Fv2%2Fmedia&parent=195"}],"curies":[{"name":"wp","href":"https:\/\/api.w.org\/{rel}","templated":true}]}}