{"id":166,"date":"2012-02-16T15:22:22","date_gmt":"2012-02-16T15:22:22","guid":{"rendered":"https:\/\/www.sensetreseaux.com\/?page_id=166"},"modified":"2015-07-26T13:01:40","modified_gmt":"2015-07-26T13:01:40","slug":"devenez-hotesse","status":"publish","type":"page","link":"https:\/\/www.sensetreseaux.com\/?page_id=166","title":{"rendered":"Devenez H\u00f4tesse"},"content":{"rendered":"<p><span style=\"color: #d10b53;\"><strong><span style=\"font-size: small; font-family: verdana,geneva;\">L\u2019H\u00f4tesse organise une r\u00e9union, en partenariat avec une Ambassadrice. <\/span><\/strong><\/span><\/p>\n<p><span style=\"color: #d10b53;\"><strong><span style=\"font-size: small; font-family: verdana,geneva;\">Le principe :<\/span><\/strong><\/span><br \/>\n<span style=\"font-size: small; font-family: verdana,geneva;\">L\u2019h\u00f4tesse invite ses amies \u00e0 une pr\u00e9sentation de lingerie.<\/span><br \/>\n<span style=\"font-size: small; font-family: verdana,geneva;\">L\u2019ambassadrice pr\u00e9sente et propose les produits lors de la la vente. L\u2019organisation d\u2019une r\u00e9union se fait donc en bin\u00f4me.<\/span><\/p>\n<p><span style=\"color: #d10b53;\"><strong><span style=\"font-size: small; font-family: verdana,geneva;\">Pour remercier l\u2019H\u00f4tesse, Sensetr\u00e9seaux lui adresse :<\/span><\/strong><\/span><br \/>\n<span style=\"font-size: small; font-family: verdana,geneva;\">* Soit des cadeaux* valoris\u00e9s sous forme de points.<\/span><br \/>\n<span style=\"font-size: small; font-family: verdana,geneva;\">* Soit des remises sur les produits des catalogues.<\/span><\/p>\n<p><span style=\"font-size: small; font-family: verdana,geneva;\">Ces points sont index\u00e9s suivant un bar\u00e8me de chiffre d\u2019affaires de chaque r\u00e9union.<\/span><br \/>\n<span style=\"font-size: small; font-family: verdana,geneva;\">L\u2019H\u00f4tesse a la possibilit\u00e9 de cumuler le chiffre d\u2019affaires de plusieurs r\u00e9unions pour choisir les cadeaux ou remises de son choix.<\/span><br \/>\n<span style=\"font-size: small; font-family: verdana,geneva;\">L\u2019H\u00f4tesse re\u00e7oit une confirmation de son choix par mail et de son cumul, sous une semaine apr\u00e8s la date de la r\u00e9union.<\/span><\/p>\n<p><span style=\"color: #d10b53;\"><strong><span style=\"font-size: small; font-family: verdana,geneva;\">Les produits sont livr\u00e9s directement au domicile de l\u2019h\u00f4tesse.<\/span><\/strong><\/span><\/p>\n<p><span style=\"color: #d10b53;\"><strong><span style=\"font-size: small; font-family: verdana,geneva;\">Vous aimez la corseterie, mais ne souhaitez pas devenir Ambassadrice ?<\/span><\/strong><\/span><br \/>\n<span style=\"font-size: small; font-family: verdana,geneva;\">Devenez notre H\u00f4tesse en remplissant le formulaire ci-dessous. Une Ambassadrice de votre r\u00e9gion prendra contact avec vous rapidement.<\/span><\/p>\n<p><span style=\"font-size: small; font-family: verdana,geneva;\">* Les propositions de cadeaux ne sont pas contractuelles, elles peuvent \u00e9voluer selon la disponibilit\u00e9 des fournisseurs. Dans le cas de rupture d\u2019un produit, Sensetr\u00e9seaux proposera \u00e0 l\u2019H\u00f4tesse au moins trois produits de gamme similaire.<\/span><\/p>\n<p style=\"text-align: center;\"><a href=\"\/wp-content\/uploads\/2012\/02\/Document-H%C3%B4tesse.jpg\" target=\"_blank\" rel=\"lightbox[166]\"><img loading=\"lazy\" decoding=\"async\" class=\"alignnone size-medium wp-image-319\" title=\"Document H\u00f4tesse\" src=\"\/wp-content\/uploads\/2012\/02\/Document-H%C3%B4tesse-185x300.jpg\" alt=\"Document H\u00f4tesse\" width=\"185\" height=\"300\" \/><\/a><\/p>\n<p><span style=\"font-size: small; font-family: verdana,geneva;\"><div class=\"toggle_container shortcode\">\n<h3 class=\"toggle_title\">Remplissez le formulaire<span class=\"toggle_indicator\"><\/span><\/h3>\n<div class=\"toggle_body\">\n<\/span><br \/>\n<span style=\"font-size: small; font-family: verdana,geneva;\">\n<div class=\"wpcf7 no-js\" id=\"wpcf7-f280-o1\" lang=\"en-US\" dir=\"ltr\" data-wpcf7-id=\"280\">\n<div class=\"screen-reader-response\"><p role=\"status\" aria-live=\"polite\" aria-atomic=\"true\"><\/p> <ul><\/ul><\/div>\n<form action=\"\/index.php?rest_route=%2Fwp%2Fv2%2Fpages%2F166#wpcf7-f280-o1\" method=\"post\" class=\"wpcf7-form init\" aria-label=\"Contact form\" novalidate=\"novalidate\" data-status=\"init\">\n<fieldset class=\"hidden-fields-container\"><input type=\"hidden\" name=\"_wpcf7\" value=\"280\" \/><input type=\"hidden\" name=\"_wpcf7_version\" value=\"6.1.5\" \/><input type=\"hidden\" name=\"_wpcf7_locale\" value=\"en_US\" \/><input type=\"hidden\" name=\"_wpcf7_unit_tag\" value=\"wpcf7-f280-o1\" \/><input type=\"hidden\" name=\"_wpcf7_container_post\" value=\"0\" \/><input type=\"hidden\" name=\"_wpcf7_posted_data_hash\" value=\"\" \/>\n<\/fieldset>\n<p>Votre nom (obligatoire)\n<\/p>\n<p><span class=\"wpcf7-form-control-wrap\" data-name=\"your-name\"><input size=\"40\" maxlength=\"400\" class=\"wpcf7-form-control wpcf7-text wpcf7-validates-as-required\" aria-required=\"true\" aria-invalid=\"false\" value=\"\" type=\"text\" name=\"your-name\" \/><\/span>\n<\/p>\n<p>Votre email (obligatoire)\n<\/p>\n<p><span class=\"wpcf7-form-control-wrap\" data-name=\"your-email\"><input size=\"40\" maxlength=\"400\" class=\"wpcf7-form-control wpcf7-email wpcf7-validates-as-required wpcf7-text wpcf7-validates-as-email\" aria-required=\"true\" aria-invalid=\"false\" value=\"\" type=\"email\" name=\"your-email\" \/><\/span>\n<\/p>\n<p>Sujet\n<\/p>\n<p><span class=\"wpcf7-form-control-wrap\" data-name=\"your-subject\"><input size=\"40\" maxlength=\"400\" class=\"wpcf7-form-control wpcf7-text\" aria-invalid=\"false\" value=\"\" type=\"text\" name=\"your-subject\" \/><\/span>\n<\/p>\n<p>Votre message\n<\/p>\n<p><span class=\"wpcf7-form-control-wrap\" data-name=\"your-message\"><textarea cols=\"40\" rows=\"10\" maxlength=\"2000\" class=\"wpcf7-form-control wpcf7-textarea\" aria-invalid=\"false\" name=\"your-message\"><\/textarea><\/span>\n<\/p>\n<p><input class=\"wpcf7-form-control wpcf7-submit has-spinner\" type=\"submit\" value=\"Envoyer\" \/>\n<\/p><div class=\"wpcf7-response-output\" aria-hidden=\"true\"><\/div>\n<\/form>\n<\/div>\n<\/span><br \/>\n<span style=\"font-size: small; font-family: verdana,geneva;\"> <div class=\"clear\"><\/div>\n<\/div>\n<\/div>\n<\/span><\/p>\n","protected":false},"excerpt":{"rendered":"<p>L\u2019H\u00f4tesse organise une r\u00e9union, en partenariat avec une Ambassadrice. Le principe : L\u2019h\u00f4tesse invite ses amies \u00e0 une pr\u00e9sentation de lingerie. L\u2019ambassadrice pr\u00e9sente et propose les produits lors de la la vente. L\u2019organisation d\u2019une r\u00e9union se fait donc en bin\u00f4me. Pour remercier l\u2019H\u00f4tesse, Sensetr\u00e9seaux lui adresse : * Soit des cadeaux* valoris\u00e9s sous forme de [&hellip;]<\/p>\n","protected":false},"author":1,"featured_media":0,"parent":0,"menu_order":0,"comment_status":"open","ping_status":"closed","template":"full-width.php","meta":{"footnotes":""},"class_list":["post-166","page","type-page","status-publish","hentry"],"yoast_head":"<!-- This site is optimized with the Yoast SEO plugin v27.2 - https:\/\/yoast.com\/product\/yoast-seo-wordpress\/ -->\n<title>Devenez H\u00f4tesse - Sens et Reseaux<\/title>\n<meta name=\"robots\" content=\"index, follow, max-snippet:-1, max-image-preview:large, max-video-preview:-1\" \/>\n<link rel=\"canonical\" href=\"https:\/\/www.sensetreseaux.com\/?page_id=166\" \/>\n<meta property=\"og:locale\" content=\"fr_FR\" \/>\n<meta property=\"og:type\" content=\"article\" \/>\n<meta property=\"og:title\" content=\"Devenez H\u00f4tesse - Sens et Reseaux\" \/>\n<meta property=\"og:description\" content=\"L\u2019H\u00f4tesse organise une r\u00e9union, en partenariat avec une Ambassadrice. Le principe : L\u2019h\u00f4tesse invite ses amies \u00e0 une pr\u00e9sentation de lingerie. L\u2019ambassadrice pr\u00e9sente et propose les produits lors de la la vente. L\u2019organisation d\u2019une r\u00e9union se fait donc en bin\u00f4me. Pour remercier l\u2019H\u00f4tesse, Sensetr\u00e9seaux lui adresse : * Soit des cadeaux* valoris\u00e9s sous forme de [&hellip;]\" \/>\n<meta property=\"og:url\" content=\"https:\/\/www.sensetreseaux.com\/?page_id=166\" \/>\n<meta property=\"og:site_name\" content=\"Sens et Reseaux\" \/>\n<meta property=\"article:modified_time\" content=\"2015-07-26T13:01:40+00:00\" \/>\n<meta property=\"og:image\" content=\"https:\/\/www.sensetreseaux.com\/wp-content\/uploads\/2012\/02\/Document-H%C3%B4tesse-185x300.jpg\" \/>\n<meta name=\"twitter:card\" content=\"summary_large_image\" \/>\n<meta name=\"twitter:label1\" content=\"Dur\u00e9e de lecture estim\u00e9e\" \/>\n\t<meta name=\"twitter:data1\" content=\"1 minute\" \/>\n<script type=\"application\/ld+json\" class=\"yoast-schema-graph\">{\"@context\":\"https:\/\/schema.org\",\"@graph\":[{\"@type\":\"WebPage\",\"@id\":\"https:\/\/www.sensetreseaux.com\/?page_id=166\",\"url\":\"https:\/\/www.sensetreseaux.com\/?page_id=166\",\"name\":\"Devenez H\u00f4tesse - Sens et Reseaux\",\"isPartOf\":{\"@id\":\"https:\/\/www.sensetreseaux.com\/#website\"},\"datePublished\":\"2012-02-16T15:22:22+00:00\",\"dateModified\":\"2015-07-26T13:01:40+00:00\",\"breadcrumb\":{\"@id\":\"https:\/\/www.sensetreseaux.com\/?page_id=166#breadcrumb\"},\"inLanguage\":\"fr-FR\",\"potentialAction\":[{\"@type\":\"ReadAction\",\"target\":[\"https:\/\/www.sensetreseaux.com\/?page_id=166\"]}]},{\"@type\":\"BreadcrumbList\",\"@id\":\"https:\/\/www.sensetreseaux.com\/?page_id=166#breadcrumb\",\"itemListElement\":[{\"@type\":\"ListItem\",\"position\":1,\"name\":\"Accueil\",\"item\":\"https:\/\/www.sensetreseaux.com\/\"},{\"@type\":\"ListItem\",\"position\":2,\"name\":\"Devenez H\u00f4tesse\"}]},{\"@type\":\"WebSite\",\"@id\":\"https:\/\/www.sensetreseaux.com\/#website\",\"url\":\"https:\/\/www.sensetreseaux.com\/\",\"name\":\"Sens et Reseaux\",\"description\":\"Sens et R\u00e9seaux, le site des ambassadrices de lingerie\",\"potentialAction\":[{\"@type\":\"SearchAction\",\"target\":{\"@type\":\"EntryPoint\",\"urlTemplate\":\"https:\/\/www.sensetreseaux.com\/?s={search_term_string}\"},\"query-input\":{\"@type\":\"PropertyValueSpecification\",\"valueRequired\":true,\"valueName\":\"search_term_string\"}}],\"inLanguage\":\"fr-FR\"}]}<\/script>\n<!-- \/ Yoast SEO plugin. -->","yoast_head_json":{"title":"Devenez H\u00f4tesse - Sens et Reseaux","robots":{"index":"index","follow":"follow","max-snippet":"max-snippet:-1","max-image-preview":"max-image-preview:large","max-video-preview":"max-video-preview:-1"},"canonical":"https:\/\/www.sensetreseaux.com\/?page_id=166","og_locale":"fr_FR","og_type":"article","og_title":"Devenez H\u00f4tesse - Sens et Reseaux","og_description":"L\u2019H\u00f4tesse organise une r\u00e9union, en partenariat avec une Ambassadrice. Le principe : L\u2019h\u00f4tesse invite ses amies \u00e0 une pr\u00e9sentation de lingerie. L\u2019ambassadrice pr\u00e9sente et propose les produits lors de la la vente. L\u2019organisation d\u2019une r\u00e9union se fait donc en bin\u00f4me. Pour remercier l\u2019H\u00f4tesse, Sensetr\u00e9seaux lui adresse : * Soit des cadeaux* valoris\u00e9s sous forme de [&hellip;]","og_url":"https:\/\/www.sensetreseaux.com\/?page_id=166","og_site_name":"Sens et Reseaux","article_modified_time":"2015-07-26T13:01:40+00:00","og_image":[{"url":"https:\/\/www.sensetreseaux.com\/wp-content\/uploads\/2012\/02\/Document-H%C3%B4tesse-185x300.jpg","type":"","width":"","height":""}],"twitter_card":"summary_large_image","twitter_misc":{"Dur\u00e9e de lecture estim\u00e9e":"1 minute"},"schema":{"@context":"https:\/\/schema.org","@graph":[{"@type":"WebPage","@id":"https:\/\/www.sensetreseaux.com\/?page_id=166","url":"https:\/\/www.sensetreseaux.com\/?page_id=166","name":"Devenez H\u00f4tesse - Sens et Reseaux","isPartOf":{"@id":"https:\/\/www.sensetreseaux.com\/#website"},"datePublished":"2012-02-16T15:22:22+00:00","dateModified":"2015-07-26T13:01:40+00:00","breadcrumb":{"@id":"https:\/\/www.sensetreseaux.com\/?page_id=166#breadcrumb"},"inLanguage":"fr-FR","potentialAction":[{"@type":"ReadAction","target":["https:\/\/www.sensetreseaux.com\/?page_id=166"]}]},{"@type":"BreadcrumbList","@id":"https:\/\/www.sensetreseaux.com\/?page_id=166#breadcrumb","itemListElement":[{"@type":"ListItem","position":1,"name":"Accueil","item":"https:\/\/www.sensetreseaux.com\/"},{"@type":"ListItem","position":2,"name":"Devenez H\u00f4tesse"}]},{"@type":"WebSite","@id":"https:\/\/www.sensetreseaux.com\/#website","url":"https:\/\/www.sensetreseaux.com\/","name":"Sens et Reseaux","description":"Sens et R\u00e9seaux, le site des ambassadrices de lingerie","potentialAction":[{"@type":"SearchAction","target":{"@type":"EntryPoint","urlTemplate":"https:\/\/www.sensetreseaux.com\/?s={search_term_string}"},"query-input":{"@type":"PropertyValueSpecification","valueRequired":true,"valueName":"search_term_string"}}],"inLanguage":"fr-FR"}]}},"_links":{"self":[{"href":"https:\/\/www.sensetreseaux.com\/index.php?rest_route=\/wp\/v2\/pages\/166","targetHints":{"allow":["GET"]}}],"collection":[{"href":"https:\/\/www.sensetreseaux.com\/index.php?rest_route=\/wp\/v2\/pages"}],"about":[{"href":"https:\/\/www.sensetreseaux.com\/index.php?rest_route=\/wp\/v2\/types\/page"}],"author":[{"embeddable":true,"href":"https:\/\/www.sensetreseaux.com\/index.php?rest_route=\/wp\/v2\/users\/1"}],"replies":[{"embeddable":true,"href":"https:\/\/www.sensetreseaux.com\/index.php?rest_route=%2Fwp%2Fv2%2Fcomments&post=166"}],"version-history":[{"count":20,"href":"https:\/\/www.sensetreseaux.com\/index.php?rest_route=\/wp\/v2\/pages\/166\/revisions"}],"predecessor-version":[{"id":404,"href":"https:\/\/www.sensetreseaux.com\/index.php?rest_route=\/wp\/v2\/pages\/166\/revisions\/404"}],"wp:attachment":[{"href":"https:\/\/www.sensetreseaux.com\/index.php?rest_route=%2Fwp%2Fv2%2Fmedia&parent=166"}],"curies":[{"name":"wp","href":"https:\/\/api.w.org\/{rel}","templated":true}]}}